{"id":1502,"date":"2026-04-21T13:26:49","date_gmt":"2026-04-21T13:26:49","guid":{"rendered":"https:\/\/premioinovacaosaude.pt\/?page_id=1502"},"modified":"2026-04-21T15:25:47","modified_gmt":"2026-04-21T15:25:47","slug":"barometro-de-inovacao-clinica-em-portugal","status":"publish","type":"page","link":"https:\/\/premioinovacaosaude.pt\/index.php\/barometro-de-inovacao-clinica-em-portugal\/","title":{"rendered":"Bar\u00f3metro de Inova\u00e7\u00e3o Cl\u00ednica"},"content":{"rendered":"\n\n\n\n","protected":false},"excerpt":{"rendered":"","protected":false},"author":1,"featured_media":0,"parent":0,"menu_order":0,"comment_status":"closed","ping_status":"closed","template":"full-width","meta":{"saved_in_kubio":true,"_monsterinsights_skip_tracking":false,"_monsterinsights_sitenote_active":false,"_monsterinsights_sitenote_note":"","_monsterinsights_sitenote_category":0,"footnotes":""},"class_list":["post-1502","page","type-page","status-publish","hentry"],"kubio_ai_page_context":{"short_desc":"","purpose":"general"},"jetpack_sharing_enabled":true,"_links":{"self":[{"href":"https:\/\/premioinovacaosaude.pt\/index.php\/wp-json\/wp\/v2\/pages\/1502","targetHints":{"allow":["GET"]}}],"collection":[{"href":"https:\/\/premioinovacaosaude.pt\/index.php\/wp-json\/wp\/v2\/pages"}],"about":[{"href":"https:\/\/premioinovacaosaude.pt\/index.php\/wp-json\/wp\/v2\/types\/page"}],"author":[{"embeddable":true,"href":"https:\/\/premioinovacaosaude.pt\/index.php\/wp-json\/wp\/v2\/users\/1"}],"replies":[{"embeddable":true,"href":"https:\/\/premioinovacaosaude.pt\/index.php\/wp-json\/wp\/v2\/comments?post=1502"}],"version-history":[{"count":7,"href":"https:\/\/premioinovacaosaude.pt\/index.php\/wp-json\/wp\/v2\/pages\/1502\/revisions"}],"predecessor-version":[{"id":1518,"href":"https:\/\/premioinovacaosaude.pt\/index.php\/wp-json\/wp\/v2\/pages\/1502\/revisions\/1518"}],"wp:attachment":[{"href":"https:\/\/premioinovacaosaude.pt\/index.php\/wp-json\/wp\/v2\/media?parent=1502"}],"curies":[{"name":"wp","href":"https:\/\/api.w.org\/{rel}","templated":true}]}}