{"id":647,"date":"2025-11-27T14:34:23","date_gmt":"2025-11-27T14:34:23","guid":{"rendered":"https:\/\/premioinovacaosaude.pt\/?page_id=647"},"modified":"2025-11-27T16:38:54","modified_gmt":"2025-11-27T16:38:54","slug":"cerimonia-entrega-de-premio-inovacao-em-saude","status":"publish","type":"page","link":"https:\/\/premioinovacaosaude.pt\/index.php\/cerimonia-entrega-de-premio-inovacao-em-saude\/","title":{"rendered":"Cerim\u00f3nia Entrega de Pr\u00e9mio Inova\u00e7\u00e3o em Sa\u00fade"},"content":{"rendered":"\n\n\n\n\n\n","protected":false},"excerpt":{"rendered":"","protected":false},"author":1,"featured_media":0,"parent":0,"menu_order":0,"comment_status":"closed","ping_status":"closed","template":"full-width","meta":{"saved_in_kubio":true,"_monsterinsights_skip_tracking":false,"_monsterinsights_sitenote_active":false,"_monsterinsights_sitenote_note":"","_monsterinsights_sitenote_category":0,"footnotes":""},"class_list":["post-647","page","type-page","status-publish","hentry"],"kubio_ai_page_context":{"short_desc":"","purpose":"general"},"jetpack_sharing_enabled":true,"_links":{"self":[{"href":"https:\/\/premioinovacaosaude.pt\/index.php\/wp-json\/wp\/v2\/pages\/647","targetHints":{"allow":["GET"]}}],"collection":[{"href":"https:\/\/premioinovacaosaude.pt\/index.php\/wp-json\/wp\/v2\/pages"}],"about":[{"href":"https:\/\/premioinovacaosaude.pt\/index.php\/wp-json\/wp\/v2\/types\/page"}],"author":[{"embeddable":true,"href":"https:\/\/premioinovacaosaude.pt\/index.php\/wp-json\/wp\/v2\/users\/1"}],"replies":[{"embeddable":true,"href":"https:\/\/premioinovacaosaude.pt\/index.php\/wp-json\/wp\/v2\/comments?post=647"}],"version-history":[{"count":10,"href":"https:\/\/premioinovacaosaude.pt\/index.php\/wp-json\/wp\/v2\/pages\/647\/revisions"}],"predecessor-version":[{"id":1317,"href":"https:\/\/premioinovacaosaude.pt\/index.php\/wp-json\/wp\/v2\/pages\/647\/revisions\/1317"}],"wp:attachment":[{"href":"https:\/\/premioinovacaosaude.pt\/index.php\/wp-json\/wp\/v2\/media?parent=647"}],"curies":[{"name":"wp","href":"https:\/\/api.w.org\/{rel}","templated":true}]}}